{"id":88,"date":"2018-05-11T06:53:57","date_gmt":"2018-05-11T06:53:57","guid":{"rendered":"http:\/\/ms-print.info\/?page_id=88"},"modified":"2018-05-11T07:02:33","modified_gmt":"2018-05-11T07:02:33","slug":"druck-mit-felxfolie","status":"publish","type":"page","link":"https:\/\/ms-print.info\/?page_id=88","title":{"rendered":"Druck mit Flexfolie"},"content":{"rendered":"<p><u><strong>Anwendungsbereich:<\/strong><\/u><br \/>\nF\u00fcr die dauerhafte Beschriftung von Textilien und Werbemitteln.<br \/>\nBeispiel :<br \/>\n\u2013 T-Shirts, Polo-Shirt, Sweat-Shirts usw.<br \/>\n\u2013 Sport- und Vereinsbekleidung, Trikots<br \/>\n\u2013 Taschen, Schl\u00fcsselb\u00e4nder etc.<\/p>\n<p>Bestens geeignet f\u00fcr ein- bis zweifarbige Schriftz\u00fcge, Logos sowie Vektorgrafiken.<\/p>\n<p><u><strong>Materialbeschaffenheit<\/strong><\/u><br \/>\nDas Flex-Material hat eine glatte, matte Oberfl\u00e4che und ist leicht dehnbar.<\/p>\n<p><u><strong>Verarbeitung<\/strong><\/u><br \/>\nDas zu druckende Motiv wird am PC in einem Grafikprogramm (Corel Draw, Illustrator oder Freehand) erstellt. Mit einem Schneidplotter werden die Konturen in die Folie geschnitten. Danach werden alle nichtdruckenden Teile entfernt und das Motiv mit einer Transferpresse unter Einwirkung von Druck und hoher Hitze (ca. 160\u00b0 C) dauerhaft auf das Textil \u00fcbertragen.<\/p>\n<p><u><strong>Vor- und Nachteile<\/strong><\/u><br \/>\nVorteile: randscharfe Konturen, hohe Deckkraft und sehr gute Waschbest\u00e4ndigkeit bis 60\u00b0 C<br \/>\nNachteile: keine Farbverl\u00e4ufe, zu feine Konturen (unter 1 mm) nicht m\u00f6glich, jede Farbe muss seperat geschnitten werden<\/p>\n","protected":false},"excerpt":{"rendered":"<p>Anwendungsbereich: F\u00fcr die dauerhafte Beschriftung von Textilien und Werbemitteln. Beispiel : \u2013 T-Shirts, Polo-Shirt, Sweat-Shirts usw. \u2013 Sport- und Vereinsbekleidung, Trikots \u2013 Taschen, Schl\u00fcsselb\u00e4nder etc. Bestens geeignet f\u00fcr ein- bis zweifarbige Schriftz\u00fcge, Logos sowie Vektorgrafiken. Materialbeschaffenheit Das Flex-Material hat eine glatte, matte Oberfl\u00e4che und ist leicht dehnbar. Verarbeitung Das zu druckende Motiv wird am PC [&hellip;]<\/p>\n","protected":false},"author":1,"featured_media":0,"parent":19,"menu_order":0,"comment_status":"closed","ping_status":"closed","template":"","meta":{"spay_email":""},"jetpack_sharing_enabled":true,"jetpack_shortlink":"https:\/\/wp.me\/P9TYuR-1q","_links":{"self":[{"href":"https:\/\/ms-print.info\/index.php?rest_route=\/wp\/v2\/pages\/88"}],"collection":[{"href":"https:\/\/ms-print.info\/index.php?rest_route=\/wp\/v2\/pages"}],"about":[{"href":"https:\/\/ms-print.info\/index.php?rest_route=\/wp\/v2\/types\/page"}],"author":[{"embeddable":true,"href":"https:\/\/ms-print.info\/index.php?rest_route=\/wp\/v2\/users\/1"}],"replies":[{"embeddable":true,"href":"https:\/\/ms-print.info\/index.php?rest_route=%2Fwp%2Fv2%2Fcomments&post=88"}],"version-history":[{"count":3,"href":"https:\/\/ms-print.info\/index.php?rest_route=\/wp\/v2\/pages\/88\/revisions"}],"predecessor-version":[{"id":96,"href":"https:\/\/ms-print.info\/index.php?rest_route=\/wp\/v2\/pages\/88\/revisions\/96"}],"up":[{"embeddable":true,"href":"https:\/\/ms-print.info\/index.php?rest_route=\/wp\/v2\/pages\/19"}],"wp:attachment":[{"href":"https:\/\/ms-print.info\/index.php?rest_route=%2Fwp%2Fv2%2Fmedia&parent=88"}],"curies":[{"name":"wp","href":"https:\/\/api.w.org\/{rel}","templated":true}]}}