{"id":72,"date":"2018-05-10T11:04:57","date_gmt":"2018-05-10T11:04:57","guid":{"rendered":"http:\/\/ms-print.info\/?post_type=product&#038;p=72"},"modified":"2018-05-11T06:50:30","modified_gmt":"2018-05-11T06:50:30","slug":"kissen-fussballer","status":"publish","type":"product","link":"https:\/\/ms-print.info\/?product=kissen-fussballer","title":{"rendered":"Kissen &#8222;Fu\u00dfballer&#8220;"},"content":{"rendered":"<p>Kissen in der Gr\u00f6\u00dfe 50 x 50 cm mit Flexfolie bedruckt.<br \/>\nName, Nummer und Farbe der Flexfolie frei w\u00e4hlbar.<\/p>\n","protected":false},"excerpt":{"rendered":"<p>Kissen in der Gr\u00f6\u00dfe 50 x 50 cm mit Flexfolie bedruckt.<br \/>\nName, Nummer und Farbe der Flexfolie frei w\u00e4hlbar.<\/p>\n","protected":false},"featured_media":73,"comment_status":"open","ping_status":"closed","template":"","meta":{"spay_email":"","jetpack_publicize_message":"","jetpack_is_tweetstorm":false},"product_cat":[18],"product_tag":[],"jetpack_publicize_connections":[],"jetpack_sharing_enabled":true,"_links":{"self":[{"href":"https:\/\/ms-print.info\/index.php?rest_route=\/wp\/v2\/product\/72"}],"collection":[{"href":"https:\/\/ms-print.info\/index.php?rest_route=\/wp\/v2\/product"}],"about":[{"href":"https:\/\/ms-print.info\/index.php?rest_route=\/wp\/v2\/types\/product"}],"replies":[{"embeddable":true,"href":"https:\/\/ms-print.info\/index.php?rest_route=%2Fwp%2Fv2%2Fcomments&post=72"}],"wp:featuredmedia":[{"embeddable":true,"href":"https:\/\/ms-print.info\/index.php?rest_route=\/wp\/v2\/media\/73"}],"wp:attachment":[{"href":"https:\/\/ms-print.info\/index.php?rest_route=%2Fwp%2Fv2%2Fmedia&parent=72"}],"wp:term":[{"taxonomy":"product_cat","embeddable":true,"href":"https:\/\/ms-print.info\/index.php?rest_route=%2Fwp%2Fv2%2Fproduct_cat&post=72"},{"taxonomy":"product_tag","embeddable":true,"href":"https:\/\/ms-print.info\/index.php?rest_route=%2Fwp%2Fv2%2Fproduct_tag&post=72"}],"curies":[{"name":"wp","href":"https:\/\/api.w.org\/{rel}","templated":true}]}}